{"id":5,"date":"2019-05-21T18:13:43","date_gmt":"2019-05-21T16:13:43","guid":{"rendered":"http:\/\/nekachaparis.com\/?page_id=5"},"modified":"2019-07-16T18:17:40","modified_gmt":"2019-07-16T16:17:40","slug":"nekacha-paris-2","status":"publish","type":"page","link":"http:\/\/nekachaparis.com\/?page_id=5","title":{"rendered":"TARIFS NEKACHA PARIS HENNE ET TATOUAGES PAILLETTES"},"content":{"rendered":"\n<h3>TARIFS HENNE<\/h3>\n\n\n\n<p>PRESTATIONS<\/p>\n\n\n\n<p>&#8211; Mains ext\u00e9rieures et pieds : 60\u20ac<\/p>\n\n\n\n<p>&#8211; Mains ext\u00e9rieures\/int\u00e9rieures et pieds: 75\u20ac<\/p>\n\n\n\n<p>&#8211; Mains ext\u00e9rieures charg\u00e9es et pieds: 80\u20ac<\/p>\n\n\n\n<p>&#8211; Main ext\u00e9rieures\/int\u00e9rieures charg\u00e9es et pieds: 100\u20ac<\/p>\n\n\n\n<p>\u200b<\/p>\n\n\n\n<p>\u26a0 <em>Des frais kilom\u00e9triques peuvent s&#8217;appliquer selon votre lieu de r\u00e9sidence.<\/em><\/p>\n\n\n\n<p>\u200b<\/p>\n\n\n\n<p>HENNE A MON DOMICILE<\/p>\n\n\n\n<p>&#8211; Main l\u00e9ger recto : 7\u20ac<\/p>\n\n\n\n<p>&#8211; Main charg\u00e9e recto : 10\u20ac<\/p>\n\n\n\n<p>&#8211; Pied l\u00e9ger : 7\u20ac<\/p>\n\n\n\n<p>&#8211; Pied charg\u00e9 : 10\u20ac<\/p>\n\n\n\n<p>&#8211; Rajout strass\/paillettes : 30 cents l&#8217;unit\u00e9<\/p>\n\n\n\n<p>\u200b<\/p>\n\n\n\n<p>SOIREE HENNE:<\/p>\n\n\n\n<p>Coiffure + maquillage mari\u00e9e + prestation henn\u00e9 au choix : 160\u20ac (+ d\u00e9coration : 100\u20ac)<\/p>\n\n\n\n<h3>TARIFS TATOUAGES PAILLETTES<\/h3>\n\n\n\n<p>PRESTATIONS<\/p>\n\n\n\n<p>&#8211; Mains l\u00e9ger : 50\u20ac<\/p>\n\n\n\n<p>&#8211; Pieds l\u00e9ger: 70\u20ac<\/p>\n\n\n\n<p>&#8211; Mains et pieds semi-charg\u00e9s: 90\u20ac<\/p>\n\n\n\n<p>\u200b<\/p>\n\n\n\n<p>\u26a0 <em>Des frais kilom\u00e9triques peuvent s&#8217;appliquer selon votre lieu de r\u00e9sidence.<\/em><\/p>\n\n\n\n<p>\u200b<\/p>\n\n\n\n<p>TATOUAGES PAILLETTES A MON DOMICILE<\/p>\n\n\n\n<p>&#8211; Main : de 10 \u00e0 15\u20ac selon mod\u00e8le demand\u00e9<\/p>\n\n\n\n<p>&#8211; Pied : de 10 \u00e0 15\u20ac selon mod\u00e8le demand\u00e9<\/p>\n\n\n\n<p>\u200b<\/p>\n","protected":false},"excerpt":{"rendered":"<p>TARIFS HENNE PRESTATIONS &#8211; Mains ext\u00e9rieures et pieds : 60\u20ac &#8211; Mains ext\u00e9rieures\/int\u00e9rieures et pieds: 75\u20ac &#8211; Mains ext\u00e9rieures charg\u00e9es et pieds: 80\u20ac &#8211; Main ext\u00e9rieures\/int\u00e9rieures charg\u00e9es et pieds: 100\u20ac \u200b \u26a0 Des frais kilom\u00e9triques peuvent s&#8217;appliquer selon votre lieu de r\u00e9sidence. \u200b HENNE A MON DOMICILE &#8211; Main l\u00e9ger recto : 7\u20ac &#8211; Main charg\u00e9e recto : 10\u20ac &#8211; Pied l\u00e9ger : 7\u20ac &#8211; Pied charg\u00e9 : 10\u20ac &#8211; Rajout strass\/paillettes : 30 cents l&#8217;unit\u00e9 \u200b SOIREE HENNE: Coiffure + maquillage mari\u00e9e + prestation henn\u00e9 au choix : 160\u20ac (+ d\u00e9coration : 100\u20ac) TARIFS TATOUAGES PAILLETTES PRESTATIONS &#8211; Mains l\u00e9ger : 50\u20ac &#8211; Pieds l\u00e9ger: 70\u20ac &#8211; Mains et pieds semi-charg\u00e9s: 90\u20ac \u200b \u26a0 Des frais kilom\u00e9triques peuvent s&#8217;appliquer selon votre lieu de r\u00e9sidence. \u200b TATOUAGES PAILLETTES A MON DOMICILE &#8211; Main : de 10 \u00e0 15\u20ac selon mod\u00e8le demand\u00e9 &#8211; Pied : de 10 \u00e0 15\u20ac selon mod\u00e8le&hellip;<\/p>\n<p> <a class=\"more-link\" href=\"http:\/\/nekachaparis.com\/?page_id=5\">Read more<\/a><\/p>\n","protected":false},"author":1,"featured_media":32,"parent":0,"menu_order":0,"comment_status":"closed","ping_status":"closed","template":"","meta":[],"yoast_head":"<!-- This site is optimized with the Yoast SEO plugin v17.1 - https:\/\/yoast.com\/wordpress\/plugins\/seo\/ -->\n<title>TARIFS NEKACHA PARIS HENNE ET TATOUAGES PAILLETTES - NEKACHA HENNAYA PARIS<\/title>\n<meta name=\"description\" content=\"NEKACHA PARIS\" \/>\n<meta name=\"robots\" content=\"index, follow, max-snippet:-1, max-image-preview:large, max-video-preview:-1\" \/>\n<link rel=\"canonical\" href=\"https:\/\/nekachaparis.com\/?page_id=5\" \/>\n<meta property=\"og:locale\" content=\"en_US\" \/>\n<meta property=\"og:type\" content=\"article\" \/>\n<meta property=\"og:title\" content=\"TARIFS NEKACHA PARIS HENNE ET TATOUAGES PAILLETTES - NEKACHA HENNAYA PARIS\" \/>\n<meta property=\"og:description\" content=\"NEKACHA PARIS\" \/>\n<meta property=\"og:url\" content=\"https:\/\/nekachaparis.com\/?page_id=5\" \/>\n<meta property=\"og:site_name\" content=\"NEKACHA HENNAYA PARIS\" \/>\n<meta property=\"article:modified_time\" content=\"2019-07-16T16:17:40+00:00\" \/>\n<meta property=\"og:image\" content=\"http:\/\/nekachaparis.com\/wp-content\/uploads\/2019\/05\/JUHUREHYUIPD.jpg\" \/>\n\t<meta property=\"og:image:width\" content=\"960\" \/>\n\t<meta property=\"og:image:height\" content=\"720\" \/>\n<meta name=\"twitter:card\" content=\"summary_large_image\" \/>\n<meta name=\"twitter:label1\" content=\"Est. reading time\" \/>\n\t<meta name=\"twitter:data1\" content=\"1 minute\" \/>\n<script type=\"application\/ld+json\" class=\"yoast-schema-graph\">{\"@context\":\"https:\/\/schema.org\",\"@graph\":[{\"@type\":\"WebSite\",\"@id\":\"https:\/\/nekachaparis.com\/#website\",\"url\":\"https:\/\/nekachaparis.com\/\",\"name\":\"NEKACHA HENNAYA PARIS\",\"description\":\"0774211724\",\"potentialAction\":[{\"@type\":\"SearchAction\",\"target\":{\"@type\":\"EntryPoint\",\"urlTemplate\":\"https:\/\/nekachaparis.com\/?s={search_term_string}\"},\"query-input\":\"required name=search_term_string\"}],\"inLanguage\":\"en-US\"},{\"@type\":\"ImageObject\",\"@id\":\"https:\/\/nekachaparis.com\/?page_id=5#primaryimage\",\"inLanguage\":\"en-US\",\"url\":\"http:\/\/nekachaparis.com\/wp-content\/uploads\/2019\/05\/JUHUREHYUIPD.jpg\",\"contentUrl\":\"http:\/\/nekachaparis.com\/wp-content\/uploads\/2019\/05\/JUHUREHYUIPD.jpg\",\"width\":960,\"height\":720},{\"@type\":\"WebPage\",\"@id\":\"https:\/\/nekachaparis.com\/?page_id=5#webpage\",\"url\":\"https:\/\/nekachaparis.com\/?page_id=5\",\"name\":\"TARIFS NEKACHA PARIS HENNE ET TATOUAGES PAILLETTES - NEKACHA HENNAYA PARIS\",\"isPartOf\":{\"@id\":\"https:\/\/nekachaparis.com\/#website\"},\"primaryImageOfPage\":{\"@id\":\"https:\/\/nekachaparis.com\/?page_id=5#primaryimage\"},\"datePublished\":\"2019-05-21T16:13:43+00:00\",\"dateModified\":\"2019-07-16T16:17:40+00:00\",\"description\":\"NEKACHA PARIS\",\"breadcrumb\":{\"@id\":\"https:\/\/nekachaparis.com\/?page_id=5#breadcrumb\"},\"inLanguage\":\"en-US\",\"potentialAction\":[{\"@type\":\"ReadAction\",\"target\":[\"https:\/\/nekachaparis.com\/?page_id=5\"]}]},{\"@type\":\"BreadcrumbList\",\"@id\":\"https:\/\/nekachaparis.com\/?page_id=5#breadcrumb\",\"itemListElement\":[{\"@type\":\"ListItem\",\"position\":1,\"name\":\"Accueil\",\"item\":\"https:\/\/nekachaparis.com\/\"},{\"@type\":\"ListItem\",\"position\":2,\"name\":\"TARIFS NEKACHA PARIS HENNE ET TATOUAGES PAILLETTES\"}]}]}<\/script>\n<!-- \/ Yoast SEO plugin. -->","yoast_head_json":{"title":"TARIFS NEKACHA PARIS HENNE ET TATOUAGES PAILLETTES - NEKACHA HENNAYA PARIS","description":"NEKACHA PARIS","robots":{"index":"index","follow":"follow","max-snippet":"max-snippet:-1","max-image-preview":"max-image-preview:large","max-video-preview":"max-video-preview:-1"},"canonical":"https:\/\/nekachaparis.com\/?page_id=5","og_locale":"en_US","og_type":"article","og_title":"TARIFS NEKACHA PARIS HENNE ET TATOUAGES PAILLETTES - NEKACHA HENNAYA PARIS","og_description":"NEKACHA PARIS","og_url":"https:\/\/nekachaparis.com\/?page_id=5","og_site_name":"NEKACHA HENNAYA PARIS","article_modified_time":"2019-07-16T16:17:40+00:00","og_image":[{"width":960,"height":720,"url":"http:\/\/nekachaparis.com\/wp-content\/uploads\/2019\/05\/JUHUREHYUIPD.jpg","path":"\/home\/nekachapjl\/www\/wp-content\/uploads\/2019\/05\/JUHUREHYUIPD.jpg","size":"full","id":32,"alt":"","pixels":691200,"type":"image\/jpeg"}],"twitter_card":"summary_large_image","twitter_misc":{"Est. reading time":"1 minute"},"schema":{"@context":"https:\/\/schema.org","@graph":[{"@type":"WebSite","@id":"https:\/\/nekachaparis.com\/#website","url":"https:\/\/nekachaparis.com\/","name":"NEKACHA HENNAYA PARIS","description":"0774211724","potentialAction":[{"@type":"SearchAction","target":{"@type":"EntryPoint","urlTemplate":"https:\/\/nekachaparis.com\/?s={search_term_string}"},"query-input":"required name=search_term_string"}],"inLanguage":"en-US"},{"@type":"ImageObject","@id":"https:\/\/nekachaparis.com\/?page_id=5#primaryimage","inLanguage":"en-US","url":"http:\/\/nekachaparis.com\/wp-content\/uploads\/2019\/05\/JUHUREHYUIPD.jpg","contentUrl":"http:\/\/nekachaparis.com\/wp-content\/uploads\/2019\/05\/JUHUREHYUIPD.jpg","width":960,"height":720},{"@type":"WebPage","@id":"https:\/\/nekachaparis.com\/?page_id=5#webpage","url":"https:\/\/nekachaparis.com\/?page_id=5","name":"TARIFS NEKACHA PARIS HENNE ET TATOUAGES PAILLETTES - NEKACHA HENNAYA PARIS","isPartOf":{"@id":"https:\/\/nekachaparis.com\/#website"},"primaryImageOfPage":{"@id":"https:\/\/nekachaparis.com\/?page_id=5#primaryimage"},"datePublished":"2019-05-21T16:13:43+00:00","dateModified":"2019-07-16T16:17:40+00:00","description":"NEKACHA PARIS","breadcrumb":{"@id":"https:\/\/nekachaparis.com\/?page_id=5#breadcrumb"},"inLanguage":"en-US","potentialAction":[{"@type":"ReadAction","target":["https:\/\/nekachaparis.com\/?page_id=5"]}]},{"@type":"BreadcrumbList","@id":"https:\/\/nekachaparis.com\/?page_id=5#breadcrumb","itemListElement":[{"@type":"ListItem","position":1,"name":"Accueil","item":"https:\/\/nekachaparis.com\/"},{"@type":"ListItem","position":2,"name":"TARIFS NEKACHA PARIS HENNE ET TATOUAGES PAILLETTES"}]}]}},"_links":{"self":[{"href":"http:\/\/nekachaparis.com\/index.php?rest_route=\/wp\/v2\/pages\/5"}],"collection":[{"href":"http:\/\/nekachaparis.com\/index.php?rest_route=\/wp\/v2\/pages"}],"about":[{"href":"http:\/\/nekachaparis.com\/index.php?rest_route=\/wp\/v2\/types\/page"}],"author":[{"embeddable":true,"href":"http:\/\/nekachaparis.com\/index.php?rest_route=\/wp\/v2\/users\/1"}],"replies":[{"embeddable":true,"href":"http:\/\/nekachaparis.com\/index.php?rest_route=%2Fwp%2Fv2%2Fcomments&post=5"}],"version-history":[{"count":2,"href":"http:\/\/nekachaparis.com\/index.php?rest_route=\/wp\/v2\/pages\/5\/revisions"}],"predecessor-version":[{"id":49,"href":"http:\/\/nekachaparis.com\/index.php?rest_route=\/wp\/v2\/pages\/5\/revisions\/49"}],"wp:featuredmedia":[{"embeddable":true,"href":"http:\/\/nekachaparis.com\/index.php?rest_route=\/wp\/v2\/media\/32"}],"wp:attachment":[{"href":"http:\/\/nekachaparis.com\/index.php?rest_route=%2Fwp%2Fv2%2Fmedia&parent=5"}],"curies":[{"name":"wp","href":"https:\/\/api.w.org\/{rel}","templated":true}]}}