{"id":7,"date":"2019-05-21T18:37:44","date_gmt":"2019-05-21T16:37:44","guid":{"rendered":"http:\/\/nekachaparis.com\/?page_id=7"},"modified":"2019-07-16T18:36:15","modified_gmt":"2019-07-16T16:36:15","slug":"nekacha-marocaine-paris-ile-de-france","status":"publish","type":"page","link":"https:\/\/nekachaparis.com\/","title":{"rendered":"NEKACHA MAROCAINE PARIS, R\u00c9GION PARISIENNE , ILE DE FRANCE"},"content":{"rendered":"\n<ul class=\"wp-block-gallery columns-3 is-cropped\"><li class=\"blocks-gallery-item\"><figure><img loading=\"lazy\" width=\"768\" height=\"960\" src=\"http:\/\/nekachaparis.com\/wp-content\/uploads\/2019\/05\/BGDSGUDSUGDF.jpg\" alt=\"\" data-id=\"13\" data-link=\"http:\/\/nekachaparis.com\/?attachment_id=13\" class=\"wp-image-13\" srcset=\"https:\/\/nekachaparis.com\/wp-content\/uploads\/2019\/05\/BGDSGUDSUGDF.jpg 768w, https:\/\/nekachaparis.com\/wp-content\/uploads\/2019\/05\/BGDSGUDSUGDF-240x300.jpg 240w\" sizes=\"(max-width: 768px) 100vw, 768px\" \/><\/figure><\/li><li class=\"blocks-gallery-item\"><figure><img loading=\"lazy\" width=\"236\" height=\"314\" src=\"http:\/\/nekachaparis.com\/wp-content\/uploads\/2019\/05\/bghyugdosfyg.jpg\" alt=\"\" data-id=\"14\" data-link=\"http:\/\/nekachaparis.com\/?attachment_id=14\" class=\"wp-image-14\" srcset=\"https:\/\/nekachaparis.com\/wp-content\/uploads\/2019\/05\/bghyugdosfyg.jpg 236w, https:\/\/nekachaparis.com\/wp-content\/uploads\/2019\/05\/bghyugdosfyg-225x300.jpg 225w\" sizes=\"(max-width: 236px) 100vw, 236px\" \/><\/figure><\/li><li class=\"blocks-gallery-item\"><figure><img loading=\"lazy\" width=\"720\" height=\"720\" src=\"http:\/\/nekachaparis.com\/wp-content\/uploads\/2019\/05\/BGYUDFSGYFD.jpg\" alt=\"\" data-id=\"15\" data-link=\"http:\/\/nekachaparis.com\/?attachment_id=15\" class=\"wp-image-15\" srcset=\"https:\/\/nekachaparis.com\/wp-content\/uploads\/2019\/05\/BGYUDFSGYFD.jpg 720w, https:\/\/nekachaparis.com\/wp-content\/uploads\/2019\/05\/BGYUDFSGYFD-150x150.jpg 150w, https:\/\/nekachaparis.com\/wp-content\/uploads\/2019\/05\/BGYUDFSGYFD-300x300.jpg 300w\" sizes=\"(max-width: 720px) 100vw, 720px\" \/><\/figure><\/li><li class=\"blocks-gallery-item\"><figure><img loading=\"lazy\" width=\"500\" height=\"400\" src=\"http:\/\/nekachaparis.com\/wp-content\/uploads\/2019\/05\/bhbbdfbh.jpg\" alt=\"\" data-id=\"16\" data-link=\"http:\/\/nekachaparis.com\/?attachment_id=16\" class=\"wp-image-16\" srcset=\"https:\/\/nekachaparis.com\/wp-content\/uploads\/2019\/05\/bhbbdfbh.jpg 500w, https:\/\/nekachaparis.com\/wp-content\/uploads\/2019\/05\/bhbbdfbh-300x240.jpg 300w\" sizes=\"(max-width: 500px) 100vw, 500px\" \/><\/figure><\/li><li class=\"blocks-gallery-item\"><figure><img loading=\"lazy\" width=\"750\" height=\"750\" src=\"http:\/\/nekachaparis.com\/wp-content\/uploads\/2019\/05\/GFTUTF.jpg\" alt=\"\" data-id=\"18\" data-link=\"http:\/\/nekachaparis.com\/?attachment_id=18\" class=\"wp-image-18\" srcset=\"https:\/\/nekachaparis.com\/wp-content\/uploads\/2019\/05\/GFTUTF.jpg 750w, https:\/\/nekachaparis.com\/wp-content\/uploads\/2019\/05\/GFTUTF-150x150.jpg 150w, https:\/\/nekachaparis.com\/wp-content\/uploads\/2019\/05\/GFTUTF-300x300.jpg 300w\" sizes=\"(max-width: 750px) 100vw, 750px\" \/><\/figure><\/li><li class=\"blocks-gallery-item\"><figure><img loading=\"lazy\" width=\"1024\" height=\"1024\" src=\"http:\/\/nekachaparis.com\/wp-content\/uploads\/2019\/05\/gtuyg-1024x1024.jpg\" alt=\"\" data-id=\"19\" data-link=\"http:\/\/nekachaparis.com\/?attachment_id=19\" class=\"wp-image-19\" srcset=\"https:\/\/nekachaparis.com\/wp-content\/uploads\/2019\/05\/gtuyg-1024x1024.jpg 1024w, https:\/\/nekachaparis.com\/wp-content\/uploads\/2019\/05\/gtuyg-150x150.jpg 150w, https:\/\/nekachaparis.com\/wp-content\/uploads\/2019\/05\/gtuyg-300x300.jpg 300w, https:\/\/nekachaparis.com\/wp-content\/uploads\/2019\/05\/gtuyg-768x768.jpg 768w, https:\/\/nekachaparis.com\/wp-content\/uploads\/2019\/05\/gtuyg.jpg 1080w\" sizes=\"(max-width: 1024px) 100vw, 1024px\" \/><\/figure><\/li><li class=\"blocks-gallery-item\"><figure><img loading=\"lazy\" width=\"960\" height=\"960\" src=\"http:\/\/nekachaparis.com\/wp-content\/uploads\/2019\/05\/GUFUYTG.jpg\" alt=\"\" data-id=\"20\" data-link=\"http:\/\/nekachaparis.com\/?attachment_id=20\" class=\"wp-image-20\" srcset=\"https:\/\/nekachaparis.com\/wp-content\/uploads\/2019\/05\/GUFUYTG.jpg 960w, https:\/\/nekachaparis.com\/wp-content\/uploads\/2019\/05\/GUFUYTG-150x150.jpg 150w, https:\/\/nekachaparis.com\/wp-content\/uploads\/2019\/05\/GUFUYTG-300x300.jpg 300w, https:\/\/nekachaparis.com\/wp-content\/uploads\/2019\/05\/GUFUYTG-768x768.jpg 768w\" sizes=\"(max-width: 960px) 100vw, 960px\" \/><\/figure><\/li><li class=\"blocks-gallery-item\"><figure><img loading=\"lazy\" width=\"720\" height=\"533\" src=\"http:\/\/nekachaparis.com\/wp-content\/uploads\/2019\/05\/GUHYIPGFR.jpg\" alt=\"\" data-id=\"21\" data-link=\"http:\/\/nekachaparis.com\/?attachment_id=21\" class=\"wp-image-21\" srcset=\"https:\/\/nekachaparis.com\/wp-content\/uploads\/2019\/05\/GUHYIPGFR.jpg 720w, https:\/\/nekachaparis.com\/wp-content\/uploads\/2019\/05\/GUHYIPGFR-300x222.jpg 300w\" sizes=\"(max-width: 720px) 100vw, 720px\" \/><\/figure><\/li><li class=\"blocks-gallery-item\"><figure><img loading=\"lazy\" width=\"640\" height=\"640\" src=\"http:\/\/nekachaparis.com\/wp-content\/uploads\/2019\/05\/gvgkhv.jpg\" alt=\"\" data-id=\"22\" data-link=\"http:\/\/nekachaparis.com\/?attachment_id=22\" class=\"wp-image-22\" srcset=\"https:\/\/nekachaparis.com\/wp-content\/uploads\/2019\/05\/gvgkhv.jpg 640w, https:\/\/nekachaparis.com\/wp-content\/uploads\/2019\/05\/gvgkhv-150x150.jpg 150w, https:\/\/nekachaparis.com\/wp-content\/uploads\/2019\/05\/gvgkhv-300x300.jpg 300w\" sizes=\"(max-width: 640px) 100vw, 640px\" \/><\/figure><\/li><li class=\"blocks-gallery-item\"><figure><img loading=\"lazy\" width=\"500\" height=\"496\" src=\"http:\/\/nekachaparis.com\/wp-content\/uploads\/2019\/05\/gyuyreogfdyg.jpg\" alt=\"\" data-id=\"23\" data-link=\"http:\/\/nekachaparis.com\/?attachment_id=23\" class=\"wp-image-23\" srcset=\"https:\/\/nekachaparis.com\/wp-content\/uploads\/2019\/05\/gyuyreogfdyg.jpg 500w, https:\/\/nekachaparis.com\/wp-content\/uploads\/2019\/05\/gyuyreogfdyg-150x150.jpg 150w, https:\/\/nekachaparis.com\/wp-content\/uploads\/2019\/05\/gyuyreogfdyg-300x298.jpg 300w\" sizes=\"(max-width: 500px) 100vw, 500px\" \/><\/figure><\/li><li class=\"blocks-gallery-item\"><figure><img loading=\"lazy\" width=\"387\" height=\"384\" src=\"http:\/\/nekachaparis.com\/wp-content\/uploads\/2019\/05\/hbgdfbghufdil.jpg\" alt=\"\" data-id=\"24\" data-link=\"http:\/\/nekachaparis.com\/?attachment_id=24\" class=\"wp-image-24\" srcset=\"https:\/\/nekachaparis.com\/wp-content\/uploads\/2019\/05\/hbgdfbghufdil.jpg 387w, https:\/\/nekachaparis.com\/wp-content\/uploads\/2019\/05\/hbgdfbghufdil-150x150.jpg 150w, https:\/\/nekachaparis.com\/wp-content\/uploads\/2019\/05\/hbgdfbghufdil-300x298.jpg 300w\" sizes=\"(max-width: 387px) 100vw, 387px\" \/><\/figure><\/li><li class=\"blocks-gallery-item\"><figure><img loading=\"lazy\" width=\"1000\" height=\"1000\" src=\"http:\/\/nekachaparis.com\/wp-content\/uploads\/2019\/05\/hjhpifg.jpg\" alt=\"\" data-id=\"25\" data-link=\"http:\/\/nekachaparis.com\/?attachment_id=25\" class=\"wp-image-25\" srcset=\"https:\/\/nekachaparis.com\/wp-content\/uploads\/2019\/05\/hjhpifg.jpg 1000w, https:\/\/nekachaparis.com\/wp-content\/uploads\/2019\/05\/hjhpifg-150x150.jpg 150w, https:\/\/nekachaparis.com\/wp-content\/uploads\/2019\/05\/hjhpifg-300x300.jpg 300w, https:\/\/nekachaparis.com\/wp-content\/uploads\/2019\/05\/hjhpifg-768x768.jpg 768w\" sizes=\"(max-width: 1000px) 100vw, 1000px\" \/><\/figure><\/li><li class=\"blocks-gallery-item\"><figure><img loading=\"lazy\" width=\"768\" height=\"960\" src=\"http:\/\/nekachaparis.com\/wp-content\/uploads\/2019\/05\/HUYDSOGFRGOFR.jpg\" alt=\"\" data-id=\"26\" data-link=\"http:\/\/nekachaparis.com\/?attachment_id=26\" class=\"wp-image-26\" srcset=\"https:\/\/nekachaparis.com\/wp-content\/uploads\/2019\/05\/HUYDSOGFRGOFR.jpg 768w, https:\/\/nekachaparis.com\/wp-content\/uploads\/2019\/05\/HUYDSOGFRGOFR-240x300.jpg 240w\" sizes=\"(max-width: 768px) 100vw, 768px\" \/><\/figure><\/li><li class=\"blocks-gallery-item\"><figure><img loading=\"lazy\" width=\"851\" height=\"960\" src=\"http:\/\/nekachaparis.com\/wp-content\/uploads\/2019\/05\/JHUIUHY.jpg\" alt=\"\" data-id=\"29\" data-link=\"http:\/\/nekachaparis.com\/?attachment_id=29\" class=\"wp-image-29\" srcset=\"https:\/\/nekachaparis.com\/wp-content\/uploads\/2019\/05\/JHUIUHY.jpg 851w, https:\/\/nekachaparis.com\/wp-content\/uploads\/2019\/05\/JHUIUHY-266x300.jpg 266w, https:\/\/nekachaparis.com\/wp-content\/uploads\/2019\/05\/JHUIUHY-768x866.jpg 768w\" sizes=\"(max-width: 851px) 100vw, 851px\" \/><\/figure><\/li><li class=\"blocks-gallery-item\"><figure><img loading=\"lazy\" width=\"720\" height=\"960\" src=\"http:\/\/nekachaparis.com\/wp-content\/uploads\/2019\/05\/jnfj.jpg\" alt=\"\" data-id=\"30\" data-link=\"http:\/\/nekachaparis.com\/?attachment_id=30\" class=\"wp-image-30\" srcset=\"https:\/\/nekachaparis.com\/wp-content\/uploads\/2019\/05\/jnfj.jpg 720w, https:\/\/nekachaparis.com\/wp-content\/uploads\/2019\/05\/jnfj-225x300.jpg 225w\" sizes=\"(max-width: 720px) 100vw, 720px\" \/><\/figure><\/li><li class=\"blocks-gallery-item\"><figure><img loading=\"lazy\" width=\"960\" height=\"720\" src=\"http:\/\/nekachaparis.com\/wp-content\/uploads\/2019\/05\/JUHUREHYUIPD.jpg\" alt=\"\" data-id=\"32\" data-link=\"http:\/\/nekachaparis.com\/?attachment_id=32\" class=\"wp-image-32\" srcset=\"https:\/\/nekachaparis.com\/wp-content\/uploads\/2019\/05\/JUHUREHYUIPD.jpg 960w, https:\/\/nekachaparis.com\/wp-content\/uploads\/2019\/05\/JUHUREHYUIPD-300x225.jpg 300w, https:\/\/nekachaparis.com\/wp-content\/uploads\/2019\/05\/JUHUREHYUIPD-768x576.jpg 768w\" sizes=\"(max-width: 960px) 100vw, 960px\" \/><\/figure><\/li><\/ul>\n\n\n\n<h2>Nekacha Paris <\/h2>\n\n\n\n<p>Nekacha marocaine paris est  une tatoueuse professionnelle \u00e0  Paris qui poss\u00e8de une exp\u00e9rience de plusieurs ann\u00e9es dans le domaine du  mariage oriental. La <strong><a href=\"http:\/\/tatouageauhenn\u00e9paris.com\/\">nekacha<\/a><\/strong><a href=\"http:\/\/tatouageauhenn\u00e9paris.com\/\"> <\/a> paris parisienne a notamment travaill\u00e9 pour de nombreux couples de mari\u00e9s  maghr\u00e9bins dans l\u2019organisation des mariages orientaux. Aujourd\u2019hui, la nekacha paris marocaine s\u2019est sp\u00e9cialis\u00e9e et intervient d\u00e9sormais \u00e0  domicile chez les particuliers, pour l\u2019organisation de votre mariage  maghr\u00e9bin et kabyle \u00e0 Bondy et Paris ou bien pour l\u2019animation de soir\u00e9e  au th\u00e8me de l\u2019orient dans toute la r\u00e9gion Ile de France.<\/p>\n\n\n\n<p>&gt;&gt; <strong><a href=\"http:\/\/tatouageauhenn\u00e9paris.com\/\">Paris<\/a><\/strong><\/p>\n\n\n\n<h2>Les services propos\u00e9s par la nekacha marocaine<\/h2>\n\n\n\n<p>Nekacha marocaine est la sp\u00e9cialiste des tatouages de courte dur\u00e9e  depuis plusieurs ann\u00e9es maintenant. Pour la pr\u00e9paration d\u2019un mariage  halal et musulman \u00e0  Paris, la nekacha intervient pour dessiner  votre tatouage au henn\u00e9 traditionnel. Pour animer la  soir\u00e9e de votre mariage marocain, alg\u00e9rien ou tunisien , la nekacha marocaine propose des tatouages au henn\u00e9 haut de gamme qu\u2019elle a de  cesse am\u00e9liorer au fil des ann\u00e9es gr\u00e2ce \u00e0 son inspiration des traditions  du Maroc et en Inde. En effet, tous les mod\u00e8les de tatouages et ses  dessins sont d\u2019une pr\u00e9cision et d\u2019une \u00e9l\u00e9gance extr\u00eame inspir\u00e9s par les  traditions arabe et indienne m\u00e9lang\u00e9s au style contemporain. Pour  parvenir \u00e0 ces r\u00e9sultats, la nekacha \u00e0 Paris s\u2019est \u00e9quip\u00e9 des les  meilleurs produits avec du henn\u00e9 provenant directement de l\u2019Inde pour de  sublimes couleurs au choix. <\/p>\n\n\n\n<p>Aussi pour  votre mariage kabyle et oriental \u00e0 Paris, nekacha marocaine fait  aussi des tatouages avec paillettes, strass Swaroski et perles pour  sublimer vos mains et vos pieds. Cette fa\u00e7on de tatouer s\u2019accommode tr\u00e8s  magnifiquement avec la robe de la mari\u00e9e. Alors pour cr\u00e9er un v\u00e9ritable  bijoux de peau pour cet \u00e9v\u00e9nement fabuleux, faites confiance \u00e0 la nekacha marocaine .<\/p>\n\n\n\n<p>A  savoir: Les paillettes durent 4 \u00e0 5 jours sur les mains et environ une  semaine sur le reste du corps. Il est \u00e9galement possible de faire des  tatouages sans henn\u00e9 pour votre mariage maghr\u00e9bin \u00e0 Paris en utilisant  uniquement des paillettes, de la poudre nacr\u00e9e ou de la poudre de  diamant.Nekacha Marocaine ajoute \u00e9galement des accessoires pour  accompagner tous vos tatouages comme des bracelets et des colliers pour  aller sur vos mains, votre cou, votre dos et les chevilles\u2026<\/p>\n\n\n\n<h2>Zone d\u2019activit\u00e9 de Nekacha Marocaine<\/h2>\n\n\n\n<p>Henna\n Beaut\u00e9 Orientale travaille dans toute la r\u00e9gion Ile de France. Elle \npeut intervenir pour animer toutes vos soir\u00e9es de mariage oriental \u00e0 \nBondy, Paris, Cr\u00e9teil, Versailles, Cergy, Evry, Melun ou encore \nNanterre. Sur demande, elle peut exceptionnellement se d\u00e9placer dans \ntoute la France enti\u00e8re pour participer \u00e0 votre mariage oriental.<\/p>\n\n\n\n<h2>Disponibilit\u00e9 de la nekacha parisienne<\/h2>\n\n\n\n<p>Pour connaitre les disponibilit\u00e9s de la nekacha parisienne, il vous suffit de la contacte<\/p>\n\n\n\n<h2>Le prix pour un tatouage au henn\u00e9 \u00e0 Paris<\/h2>\n\n\n\n<p>Les  forfaits mariage que la nekacha paris vous propos  pour un tatouage au henn\u00e9 vont de 5\u20ac la main pour le  moins cher \u00e0 250\u20ac pour le plus cher. Avec le premier forfait, vous  disposerez par exemple d\u2019un motif l\u00e9ger sur le dessus des mains  jusqu\u2019aux poignets tandis qu\u2019avec le plus cher, vous aurez des motifs  remplis sur les mains (recto-verso) jusqu\u2019au centre des bras et sur  l\u2019ensemble de vos deux pieds.<\/p>\n\n\n\n<p>A noter\n que les frais de d\u00e9placements sur Paris m\u00eame sont inclus dans chaque \nprestation pour votre mariage oriental parisien. Pour la banlieue et les\n autres d\u00e9partements en Ile de France, il faut pr\u00e9voir un suppl\u00e9ment \nselon l\u2019emplacement.<\/p>\n","protected":false},"excerpt":{"rendered":"<p>Nekacha Paris Nekacha marocaine paris est une tatoueuse professionnelle \u00e0 Paris qui poss\u00e8de une exp\u00e9rience de plusieurs ann\u00e9es dans le domaine du mariage oriental. La nekacha paris parisienne a notamment travaill\u00e9 pour de nombreux couples de mari\u00e9s maghr\u00e9bins dans l\u2019organisation des mariages orientaux. Aujourd\u2019hui, la nekacha paris marocaine s\u2019est sp\u00e9cialis\u00e9e et intervient d\u00e9sormais \u00e0 domicile chez les particuliers, pour l\u2019organisation de votre mariage maghr\u00e9bin et kabyle \u00e0 Bondy et Paris ou bien pour l\u2019animation de soir\u00e9e au th\u00e8me de l\u2019orient dans toute la r\u00e9gion Ile de France. &gt;&gt; Paris Les services propos\u00e9s par la nekacha marocaine Nekacha marocaine est la sp\u00e9cialiste des tatouages de courte dur\u00e9e depuis plusieurs ann\u00e9es maintenant. Pour la pr\u00e9paration d\u2019un mariage halal et musulman \u00e0 Paris, la nekacha intervient pour dessiner votre tatouage au henn\u00e9 traditionnel. Pour animer la soir\u00e9e de votre mariage marocain, alg\u00e9rien ou tunisien , la nekacha marocaine propose des tatouages au henn\u00e9&hellip;<\/p>\n<p> <a class=\"more-link\" href=\"https:\/\/nekachaparis.com\/\">Read more<\/a><\/p>\n","protected":false},"author":1,"featured_media":37,"parent":0,"menu_order":0,"comment_status":"closed","ping_status":"closed","template":"","meta":[],"yoast_head":"<!-- This site is optimized with the Yoast SEO plugin v17.1 - https:\/\/yoast.com\/wordpress\/plugins\/seo\/ -->\n<title>NEKACHA MAROCAINE PARIS, R\u00c9GION PARISIENNE , ILE DE FRANCE - NEKACHA HENNAYA PARIS<\/title>\n<meta name=\"description\" content=\"nekacha marocaine paris contacte nous pour avoir plus dinformation sur nous pr\u00e9station propos\u00e9 nekacha paris au 0774211724\" \/>\n<meta name=\"robots\" content=\"index, follow, max-snippet:-1, max-image-preview:large, max-video-preview:-1\" \/>\n<link rel=\"canonical\" href=\"https:\/\/nekachaparis.com\/\" \/>\n<meta property=\"og:locale\" content=\"en_US\" \/>\n<meta property=\"og:type\" content=\"article\" \/>\n<meta property=\"og:title\" content=\"NEKACHA MAROCAINE PARIS, R\u00c9GION PARISIENNE , ILE DE FRANCE - NEKACHA HENNAYA PARIS\" \/>\n<meta property=\"og:description\" content=\"nekacha marocaine paris contacte nous pour avoir plus dinformation sur nous pr\u00e9station propos\u00e9 nekacha paris au 0774211724\" \/>\n<meta property=\"og:url\" content=\"https:\/\/nekachaparis.com\/\" \/>\n<meta property=\"og:site_name\" content=\"NEKACHA HENNAYA PARIS\" \/>\n<meta property=\"article:modified_time\" content=\"2019-07-16T16:36:15+00:00\" \/>\n<meta property=\"og:image\" content=\"http:\/\/nekachaparis.com\/wp-content\/uploads\/2019\/05\/IMG_2668.jpg\" \/>\n\t<meta property=\"og:image:width\" content=\"5471\" \/>\n\t<meta property=\"og:image:height\" content=\"3085\" \/>\n<meta name=\"twitter:card\" content=\"summary_large_image\" \/>\n<meta name=\"twitter:label1\" content=\"Est. reading time\" \/>\n\t<meta name=\"twitter:data1\" content=\"3 minutes\" \/>\n<script type=\"application\/ld+json\" class=\"yoast-schema-graph\">{\"@context\":\"https:\/\/schema.org\",\"@graph\":[{\"@type\":\"WebSite\",\"@id\":\"https:\/\/nekachaparis.com\/#website\",\"url\":\"https:\/\/nekachaparis.com\/\",\"name\":\"NEKACHA HENNAYA PARIS\",\"description\":\"0774211724\",\"potentialAction\":[{\"@type\":\"SearchAction\",\"target\":{\"@type\":\"EntryPoint\",\"urlTemplate\":\"https:\/\/nekachaparis.com\/?s={search_term_string}\"},\"query-input\":\"required name=search_term_string\"}],\"inLanguage\":\"en-US\"},{\"@type\":\"ImageObject\",\"@id\":\"https:\/\/nekachaparis.com\/#primaryimage\",\"inLanguage\":\"en-US\",\"url\":\"https:\/\/nekachaparis.com\/wp-content\/uploads\/2019\/05\/IMG_2668.jpg\",\"contentUrl\":\"https:\/\/nekachaparis.com\/wp-content\/uploads\/2019\/05\/IMG_2668.jpg\",\"width\":5471,\"height\":3085},{\"@type\":\"WebPage\",\"@id\":\"https:\/\/nekachaparis.com\/#webpage\",\"url\":\"https:\/\/nekachaparis.com\/\",\"name\":\"NEKACHA MAROCAINE PARIS, R\\u00c9GION PARISIENNE , ILE DE FRANCE - NEKACHA HENNAYA PARIS\",\"isPartOf\":{\"@id\":\"https:\/\/nekachaparis.com\/#website\"},\"primaryImageOfPage\":{\"@id\":\"https:\/\/nekachaparis.com\/#primaryimage\"},\"datePublished\":\"2019-05-21T16:37:44+00:00\",\"dateModified\":\"2019-07-16T16:36:15+00:00\",\"description\":\"nekacha marocaine paris contacte nous pour avoir plus dinformation sur nous pr\\u00e9station propos\\u00e9 nekacha paris au 0774211724\",\"breadcrumb\":{\"@id\":\"https:\/\/nekachaparis.com\/#breadcrumb\"},\"inLanguage\":\"en-US\",\"potentialAction\":[{\"@type\":\"ReadAction\",\"target\":[\"https:\/\/nekachaparis.com\/\"]}]},{\"@type\":\"BreadcrumbList\",\"@id\":\"https:\/\/nekachaparis.com\/#breadcrumb\",\"itemListElement\":[{\"@type\":\"ListItem\",\"position\":1,\"name\":\"Accueil\",\"item\":\"https:\/\/nekachaparis.com\/\"},{\"@type\":\"ListItem\",\"position\":2,\"name\":\"NEKACHA MAROCAINE PARIS, R\\u00c9GION PARISIENNE , ILE DE FRANCE\"}]}]}<\/script>\n<!-- \/ Yoast SEO plugin. -->","yoast_head_json":{"title":"NEKACHA MAROCAINE PARIS, R\u00c9GION PARISIENNE , ILE DE FRANCE - NEKACHA HENNAYA PARIS","description":"nekacha marocaine paris contacte nous pour avoir plus dinformation sur nous pr\u00e9station propos\u00e9 nekacha paris au 0774211724","robots":{"index":"index","follow":"follow","max-snippet":"max-snippet:-1","max-image-preview":"max-image-preview:large","max-video-preview":"max-video-preview:-1"},"canonical":"https:\/\/nekachaparis.com\/","og_locale":"en_US","og_type":"article","og_title":"NEKACHA MAROCAINE PARIS, R\u00c9GION PARISIENNE , ILE DE FRANCE - NEKACHA HENNAYA PARIS","og_description":"nekacha marocaine paris contacte nous pour avoir plus dinformation sur nous pr\u00e9station propos\u00e9 nekacha paris au 0774211724","og_url":"https:\/\/nekachaparis.com\/","og_site_name":"NEKACHA HENNAYA PARIS","article_modified_time":"2019-07-16T16:36:15+00:00","og_image":[{"width":5471,"height":3085,"url":"http:\/\/nekachaparis.com\/wp-content\/uploads\/2019\/05\/IMG_2668.jpg","path":"\/home\/nekachapjl\/www\/wp-content\/uploads\/2019\/05\/IMG_2668.jpg","size":"full","id":37,"alt":"","pixels":16878035,"type":"image\/jpeg"}],"twitter_card":"summary_large_image","twitter_misc":{"Est. reading time":"3 minutes"},"schema":{"@context":"https:\/\/schema.org","@graph":[{"@type":"WebSite","@id":"https:\/\/nekachaparis.com\/#website","url":"https:\/\/nekachaparis.com\/","name":"NEKACHA HENNAYA PARIS","description":"0774211724","potentialAction":[{"@type":"SearchAction","target":{"@type":"EntryPoint","urlTemplate":"https:\/\/nekachaparis.com\/?s={search_term_string}"},"query-input":"required name=search_term_string"}],"inLanguage":"en-US"},{"@type":"ImageObject","@id":"https:\/\/nekachaparis.com\/#primaryimage","inLanguage":"en-US","url":"https:\/\/nekachaparis.com\/wp-content\/uploads\/2019\/05\/IMG_2668.jpg","contentUrl":"https:\/\/nekachaparis.com\/wp-content\/uploads\/2019\/05\/IMG_2668.jpg","width":5471,"height":3085},{"@type":"WebPage","@id":"https:\/\/nekachaparis.com\/#webpage","url":"https:\/\/nekachaparis.com\/","name":"NEKACHA MAROCAINE PARIS, R\u00c9GION PARISIENNE , ILE DE FRANCE - NEKACHA HENNAYA PARIS","isPartOf":{"@id":"https:\/\/nekachaparis.com\/#website"},"primaryImageOfPage":{"@id":"https:\/\/nekachaparis.com\/#primaryimage"},"datePublished":"2019-05-21T16:37:44+00:00","dateModified":"2019-07-16T16:36:15+00:00","description":"nekacha marocaine paris contacte nous pour avoir plus dinformation sur nous pr\u00e9station propos\u00e9 nekacha paris au 0774211724","breadcrumb":{"@id":"https:\/\/nekachaparis.com\/#breadcrumb"},"inLanguage":"en-US","potentialAction":[{"@type":"ReadAction","target":["https:\/\/nekachaparis.com\/"]}]},{"@type":"BreadcrumbList","@id":"https:\/\/nekachaparis.com\/#breadcrumb","itemListElement":[{"@type":"ListItem","position":1,"name":"Accueil","item":"https:\/\/nekachaparis.com\/"},{"@type":"ListItem","position":2,"name":"NEKACHA MAROCAINE PARIS, R\u00c9GION PARISIENNE , ILE DE FRANCE"}]}]}},"_links":{"self":[{"href":"https:\/\/nekachaparis.com\/index.php?rest_route=\/wp\/v2\/pages\/7"}],"collection":[{"href":"https:\/\/nekachaparis.com\/index.php?rest_route=\/wp\/v2\/pages"}],"about":[{"href":"https:\/\/nekachaparis.com\/index.php?rest_route=\/wp\/v2\/types\/page"}],"author":[{"embeddable":true,"href":"https:\/\/nekachaparis.com\/index.php?rest_route=\/wp\/v2\/users\/1"}],"replies":[{"embeddable":true,"href":"https:\/\/nekachaparis.com\/index.php?rest_route=%2Fwp%2Fv2%2Fcomments&post=7"}],"version-history":[{"count":4,"href":"https:\/\/nekachaparis.com\/index.php?rest_route=\/wp\/v2\/pages\/7\/revisions"}],"predecessor-version":[{"id":45,"href":"https:\/\/nekachaparis.com\/index.php?rest_route=\/wp\/v2\/pages\/7\/revisions\/45"}],"wp:featuredmedia":[{"embeddable":true,"href":"https:\/\/nekachaparis.com\/index.php?rest_route=\/wp\/v2\/media\/37"}],"wp:attachment":[{"href":"https:\/\/nekachaparis.com\/index.php?rest_route=%2Fwp%2Fv2%2Fmedia&parent=7"}],"curies":[{"name":"wp","href":"https:\/\/api.w.org\/{rel}","templated":true}]}}